{"id":167,"date":"2024-06-18T19:47:02","date_gmt":"2024-06-18T19:47:02","guid":{"rendered":"https:\/\/anpalop.com\/offerings\/"},"modified":"2024-06-23T22:47:01","modified_gmt":"2024-06-23T22:47:01","slug":"education","status":"publish","type":"page","link":"https:\/\/anpalop.com\/pt\/education\/","title":{"rendered":"Educa\u00e7\u00e3o"},"content":{"rendered":"<div class=\"wp-block-uagb-container uagb-block-6803eae3 alignfull uagb-is-root-container\"><div class=\"uagb-container-inner-blocks-wrap\">\n<div class=\"wp-block-uagb-advanced-heading uagb-block-a2f9964e\"><h1 class=\"uagb-heading-text\">Educa\u00e7\u00e3o<\/h1><\/div>\n<\/div><\/div>\n\n\n\n<div class=\"wp-block-uagb-container uagb-block-623363c6 alignfull uagb-is-root-container\"><div class=\"uagb-container-inner-blocks-wrap\">\n<div class=\"wp-block-uagb-info-box uagb-block-3801b6ed uagb-infobox__content-wrap  uagb-infobox-icon-above-title uagb-infobox-image-valign-top\"><div class=\"uagb-ifb-content\"><div class=\"uagb-ifb-title-wrap\"><h2 class=\"uagb-ifb-title\">Vis\u00e3o geral da educa\u00e7\u00e3o<\/h2><\/div><p class=\"uagb-ifb-desc\">Passado e futuro<\/p><\/div><\/div>\n\n\n\n<div class=\"wp-block-uagb-container uagb-block-3893b8aa\">\n<div class=\"wp-block-uagb-container uagb-block-b02b419f\">\n<div class=\"wp-block-uagb-image aligncenter uagb-block-2622f629 wp-block-uagb-image--layout-default wp-block-uagb-image--effect-static wp-block-uagb-image--align-center alignright\"><figure class=\"wp-block-uagb-image__figure\"><img loading=\"lazy\" decoding=\"async\" srcset=\"https:\/\/anpalop.com\/wp-content\/uploads\/2024\/06\/Congress-ANPALOP.jpeg ,https:\/\/anpalop.com\/wp-content\/uploads\/2024\/06\/Congress-ANPALOP.jpeg 780w, https:\/\/anpalop.com\/wp-content\/uploads\/2024\/06\/Congress-ANPALOP.jpeg 360w\" sizes=\"auto, (max-width: 480px) 150px\" src=\"https:\/\/anpalop.com\/wp-content\/uploads\/2024\/06\/Congress-ANPALOP.jpeg\" alt=\"\" class=\"uag-image-876\" width=\"560\" height=\"500\" title=\"\" role=\"presentation\"\/><\/figure><\/div>\n<\/div>\n\n\n\n<div class=\"wp-block-uagb-container uagb-block-862a6668\">\n<h2 class=\"wp-block-heading\">O passado<\/h2>\n\n\n\n<ul class=\"wp-block-list\">\n<li>Semin\u00e1rios on-line:\n<ul class=\"wp-block-list\">\n<li>Janeiro de 2023 TV neurocir\u00fargica. (Introdu\u00e7\u00e3o ANPALOP)<\/li>\n\n\n\n<li>Junho de 2023 Webinar sobre nervos perif\u00e9ricos (Angola)<\/li>\n\n\n\n<li>-Webinar sobre dor cr\u00f4nica de julho de 2023 (Brasil)<\/li>\n<\/ul>\n<\/li>\n\n\n\n<li>Confer\u00eancias:\n<ul class=\"wp-block-list\">\n<li>27<sup>\u00ba<\/sup> de Mar\u00e7o de 2024 Confer\u00eancia ANPALOP Nervo Perif\u00e9rico em Mo\u00e7ambique<\/li>\n<\/ul>\n<\/li>\n\n\n\n<li>Apresenta\u00e7\u00f5es:\n<ul class=\"wp-block-list\">\n<li>Dez 2023 WFNS-\u00c1frica do Sul<\/li>\n\n\n\n<li>Mar\u00e7o 2024 VIII Congresso Latino-Americano de Endoscopia - Brasil<\/li>\n\n\n\n<li>Junho de 2024 Comit\u00ea Global e Humanit\u00e1rio da EANS<\/li>\n<\/ul>\n<\/li>\n<\/ul>\n<\/div>\n<\/div>\n<\/div><\/div>\n\n\n\n<div class=\"wp-block-uagb-container uagb-block-c6476a98 alignfull uagb-is-root-container\"><div class=\"uagb-container-inner-blocks-wrap\"><\/div><\/div>\n\n\n\n<div class=\"wp-block-uagb-container uagb-block-c84325e4 alignfull uagb-is-root-container\"><div class=\"uagb-container-inner-blocks-wrap\">\n<div class=\"wp-block-uagb-info-box uagb-block-d8a09d88 uagb-infobox__content-wrap  uagb-infobox-icon-above-title uagb-infobox-image-valign-top\"><div class=\"uagb-ifb-content\"><div class=\"uagb-ifb-title-wrap\"><h2 class=\"uagb-ifb-title\">Permane\u00e7a conectado<\/h2><\/div><p class=\"uagb-ifb-desc\">Assine nosso boletim informativo para se manter atualizado sobre os \u00faltimos avan\u00e7os em neurocirurgia e os pr\u00f3ximos eventos.<\/p><div class=\"uagb-ifb-button-wrapper wp-block-button\"><a href=\"\/pt\/contact\/\" class=\"uagb-infobox-cta-link wp-block-button__link\" target=\"_self\" rel=\"noopener noreferrer\" onclick=\"return true;\" alt=\"\"><span class=\"uagb-inline-editing\">Entrar<\/span><\/a><\/div><\/div><\/div>\n<\/div><\/div>","protected":false},"excerpt":{"rendered":"<p>Education The past<\/p>","protected":false},"author":1,"featured_media":0,"parent":0,"menu_order":0,"comment_status":"closed","ping_status":"closed","template":"","meta":{"_uag_custom_page_level_css":"","site-sidebar-layout":"default","site-content-layout":"","ast-site-content-layout":"default","site-content-style":"default","site-sidebar-style":"default","ast-global-header-display":"","ast-banner-title-visibility":"","ast-main-header-display":"","ast-hfb-above-header-display":"","ast-hfb-below-header-display":"","ast-hfb-mobile-header-display":"","site-post-title":"disabled","ast-breadcrumbs-content":"","ast-featured-img":"","footer-sml-layout":"","ast-disable-related-posts":"","theme-transparent-header-meta":"enabled","adv-header-id-meta":"","stick-header-meta":"","header-above-stick-meta":"","header-main-stick-meta":"","header-below-stick-meta":"","astra-migrate-meta-layouts":"set","ast-page-background-enabled":"default","ast-page-background-meta":{"desktop":{"background-color":"var(--ast-global-color-4)","background-image":"","background-repeat":"repeat","background-position":"center center","background-size":"auto","background-attachment":"scroll","background-type":"","background-media":"","overlay-type":"","overlay-color":"","overlay-opacity":"","overlay-gradient":""},"tablet":{"background-color":"","background-image":"","background-repeat":"repeat","background-position":"center center","background-size":"auto","background-attachment":"scroll","background-type":"","background-media":"","overlay-type":"","overlay-color":"","overlay-opacity":"","overlay-gradient":""},"mobile":{"background-color":"","background-image":"","background-repeat":"repeat","background-position":"center center","background-size":"auto","background-attachment":"scroll","background-type":"","background-media":"","overlay-type":"","overlay-color":"","overlay-opacity":"","overlay-gradient":""}},"ast-content-background-meta":{"desktop":{"background-color":"var(--ast-global-color-5)","background-image":"","background-repeat":"repeat","background-position":"center center","background-size":"auto","background-attachment":"scroll","background-type":"","background-media":"","overlay-type":"","overlay-color":"","overlay-opacity":"","overlay-gradient":""},"tablet":{"background-color":"var(--ast-global-color-5)","background-image":"","background-repeat":"repeat","background-position":"center center","background-size":"auto","background-attachment":"scroll","background-type":"","background-media":"","overlay-type":"","overlay-color":"","overlay-opacity":"","overlay-gradient":""},"mobile":{"background-color":"var(--ast-global-color-5)","background-image":"","background-repeat":"repeat","background-position":"center center","background-size":"auto","background-attachment":"scroll","background-type":"","background-media":"","overlay-type":"","overlay-color":"","overlay-opacity":"","overlay-gradient":""}},"footnotes":""},"class_list":["post-167","page","type-page","status-publish","hentry"],"uagb_featured_image_src":{"full":false,"thumbnail":false,"medium":false,"medium_large":false,"large":false,"1536x1536":false,"2048x2048":false,"trp-custom-language-flag":false},"uagb_author_info":{"display_name":"bartraice@gmail.com","author_link":"https:\/\/anpalop.com\/pt\/author\/bartraicegmail-com\/"},"uagb_comment_info":0,"uagb_excerpt":"Education The past","_links":{"self":[{"href":"https:\/\/anpalop.com\/pt\/wp-json\/wp\/v2\/pages\/167","targetHints":{"allow":["GET"]}}],"collection":[{"href":"https:\/\/anpalop.com\/pt\/wp-json\/wp\/v2\/pages"}],"about":[{"href":"https:\/\/anpalop.com\/pt\/wp-json\/wp\/v2\/types\/page"}],"author":[{"embeddable":true,"href":"https:\/\/anpalop.com\/pt\/wp-json\/wp\/v2\/users\/1"}],"replies":[{"embeddable":true,"href":"https:\/\/anpalop.com\/pt\/wp-json\/wp\/v2\/comments?post=167"}],"version-history":[{"count":10,"href":"https:\/\/anpalop.com\/pt\/wp-json\/wp\/v2\/pages\/167\/revisions"}],"predecessor-version":[{"id":1421,"href":"https:\/\/anpalop.com\/pt\/wp-json\/wp\/v2\/pages\/167\/revisions\/1421"}],"wp:attachment":[{"href":"https:\/\/anpalop.com\/pt\/wp-json\/wp\/v2\/media?parent=167"}],"curies":[{"name":"wp","href":"https:\/\/api.w.org\/{rel}","templated":true}]}}