{"id":1259,"date":"2024-06-18T19:47:02","date_gmt":"2024-06-18T19:47:02","guid":{"rendered":"https:\/\/anpalop.com\/home-2\/"},"modified":"2024-07-21T17:49:37","modified_gmt":"2024-07-21T17:49:37","slug":"home-2","status":"publish","type":"page","link":"https:\/\/anpalop.com\/pt\/","title":{"rendered":"Lar"},"content":{"rendered":"<div class=\"wp-block-uagb-container uagb-block-edf9ad47 alignwide uagb-is-root-container\">\n<div class=\"wp-block-uagb-info-box uagb-block-360d083e uagb-infobox__content-wrap  uagb-infobox-icon-above-title uagb-infobox-image-valign-top\"><div class=\"uagb-ifb-content\"><div class=\"uagb-ifb-title-wrap\"><h1 class=\"uagb-ifb-title\">Conectando Neurocirurgi\u00f5es<\/h1><\/div><p class=\"uagb-ifb-desc\">Unindo-nos para solu\u00e7\u00f5es de cuidados avan\u00e7ados e melhores oportunidades de forma\u00e7\u00e3o em neurocirurgia em 6 pa\u00edses africanos de l\u00edngua portuguesa<\/p><div class=\"uagb-ifb-button-wrapper wp-block-button\"><a href=\"\/pt\/contact\/\" class=\"uagb-infobox-cta-link wp-block-button__link\" target=\"_self\" rel=\"noopener noreferrer\" onclick=\"return true;\"><span class=\"uagb-inline-editing\">Entrar<\/span><\/a><\/div><\/div><\/div>\n\n\n\n<div style=\"height:100px\" aria-hidden=\"true\" class=\"wp-block-spacer\"><\/div>\n\n\n\n<h1 class=\"wp-block-heading has-text-align-center has-ast-global-color-6-color has-text-color has-link-color wp-elements-d28bf5024b9d00de55455b8180366469\">A . N. PALOP.<\/h1>\n<\/div>\n\n\n\n<div class=\"wp-block-uagb-container uagb-block-cd2fc679 alignfull uagb-is-root-container\"><div class=\"uagb-container-inner-blocks-wrap\">\n<div class=\"wp-block-uagb-info-box uagb-block-3b175fd5 uagb-infobox__content-wrap  uagb-infobox-icon-above-title uagb-infobox-image-valign-top\"><div class=\"uagb-ifb-content\"><div class=\"uagb-ifb-title-wrap\"><\/div><p class=\"uagb-ifb-desc\">ANPALOP \u00e9 uma associa\u00e7\u00e3o formada por neurocirurgi\u00f5es de 6 pa\u00edses africanos de l\u00edngua portuguesa com o objetivo principal de trocar conhecimento e assist\u00eancia entre pa\u00edses, melhorar as condi\u00e7\u00f5es de acesso aos cuidados de pacientes neurocir\u00fargicos, apoiar a forma\u00e7\u00e3o de futuros neurocirurgi\u00f5es<\/p><\/div><\/div>\n\n\n\n<div class=\"wp-block-uagb-container uagb-block-ea696189\">\n<div class=\"wp-block-columns is-layout-flex wp-container-core-columns-is-layout-28f84493 wp-block-columns-is-layout-flex\">\n<div class=\"wp-block-column is-layout-flow wp-block-column-is-layout-flow\" style=\"flex-basis:100%\">\n<div class=\"wp-block-uagb-container uagb-block-5767a1ef\">\n<div class=\"wp-block-columns is-layout-flex wp-container-core-columns-is-layout-28f84493 wp-block-columns-is-layout-flex\">\n<div class=\"wp-block-column is-layout-flow wp-block-column-is-layout-flow\">\n<figure class=\"wp-block-image aligncenter size-medium is-resized\"><img fetchpriority=\"high\" decoding=\"async\" width=\"300\" height=\"169\" src=\"https:\/\/anpalop.com\/wp-content\/uploads\/2024\/06\/countries-300x169.webp\" alt=\"\" class=\"wp-image-1320\" style=\"aspect-ratio:4\/3;object-fit:contain;width:300px\" srcset=\"https:\/\/anpalop.com\/wp-content\/uploads\/2024\/06\/countries-300x169.webp 300w, https:\/\/anpalop.com\/wp-content\/uploads\/2024\/06\/countries.webp 696w\" sizes=\"(max-width: 300px) 100vw, 300px\" \/><\/figure>\n\n\n\n<h2 class=\"wp-block-heading has-text-align-center\">Pa\u00edses<\/h2>\n\n\n\n<ul class=\"wp-block-list\">\n<li><a href=\"https:\/\/data.worldbank.org\/country\/angola\">Angola<\/a><\/li>\n\n\n\n<li><a href=\"https:\/\/data.worldbank.org\/country\/cabo-verde\">Cabo Verde<\/a><\/li>\n\n\n\n<li><a href=\"https:\/\/data.worldbank.org\/country\/guinea-bissau\">Guin\u00e9-Bissau<\/a><\/li>\n\n\n\n<li><a href=\"https:\/\/data.worldbank.org\/country\/equatorial-guinea\">Guin\u00e9 Equatorial<\/a><\/li>\n\n\n\n<li><a href=\"https:\/\/data.worldbank.org\/country\/mozambique\">Mo\u00e7ambique<\/a><\/li>\n\n\n\n<li><a href=\"https:\/\/data.worldbank.org\/country\/sao-tome-and-principe\">S\u00e3o Tom\u00e9 e Pr\u00edncipe<\/a><\/li>\n<\/ul>\n\n\n\n<p><\/p>\n<\/div>\n\n\n\n<div class=\"wp-block-column is-layout-flow wp-block-column-is-layout-flow\">\n<figure class=\"wp-block-image aligncenter size-full is-resized\"><img decoding=\"async\" width=\"940\" height=\"529\" src=\"https:\/\/anpalop.com\/wp-content\/uploads\/2024\/06\/Ontwerp-zonder-titel-7-edited-1.png\" alt=\"\" class=\"wp-image-1395\" style=\"aspect-ratio:4\/3;object-fit:contain;width:300px\" srcset=\"https:\/\/anpalop.com\/wp-content\/uploads\/2024\/06\/Ontwerp-zonder-titel-7-edited-1.png 940w, https:\/\/anpalop.com\/wp-content\/uploads\/2024\/06\/Ontwerp-zonder-titel-7-edited-1-300x169.png 300w, https:\/\/anpalop.com\/wp-content\/uploads\/2024\/06\/Ontwerp-zonder-titel-7-edited-1-768x432.png 768w, https:\/\/anpalop.com\/wp-content\/uploads\/2024\/06\/Ontwerp-zonder-titel-7-edited-1-18x10.png 18w\" sizes=\"(max-width: 940px) 100vw, 940px\" \/><\/figure>\n\n\n\n<h2 class=\"wp-block-heading has-text-align-center\">Comunidade<\/h2>\n\n\n\n<p>ANPALOPO. tem actualmente 40 membros activos, constitu\u00eddos por residentes e neurocirurgi\u00f5es que exercem a actividade nos pa\u00edses PALOP, mas tamb\u00e9m na di\u00e1spora. Queremos expandir nossa comunidade, junte-se a n\u00f3s<\/p>\n\n\n\n<div class=\"wp-block-uagb-buttons uagb-buttons__outer-wrap uagb-btn__default-btn uagb-btn-tablet__default-btn uagb-btn-mobile__default-btn uagb-block-c1853702\"><div class=\"uagb-buttons__wrap uagb-buttons-layout-wrap\">\n<div class=\"wp-block-uagb-buttons-child uagb-buttons__outer-wrap uagb-block-96f1d9d3 wp-block-button\"><div class=\"uagb-button__wrapper\"><a class=\"uagb-buttons-repeater wp-block-button__link\" aria-label=\"\" href=\"#\" rel=\"follow noopener\" target=\"_self\" role=\"button\"><div class=\"uagb-button__link\">Junte-se a n\u00f3s!<\/div><\/a><\/div><\/div>\n<\/div><\/div>\n<\/div>\n\n\n\n<div class=\"wp-block-column is-layout-flow wp-block-column-is-layout-flow\">\n<figure class=\"wp-block-image aligncenter size-large is-resized\"><img decoding=\"async\" width=\"1024\" height=\"683\" src=\"https:\/\/anpalop.com\/wp-content\/uploads\/2024\/06\/pexels-photo-301926-1024x683.jpeg\" alt=\"Teach Dice Ornament on Table\" class=\"wp-image-887\" style=\"aspect-ratio:4\/3;object-fit:contain;width:300px\" srcset=\"https:\/\/anpalop.com\/wp-content\/uploads\/2024\/06\/pexels-photo-301926-1024x683.jpeg 1024w, https:\/\/anpalop.com\/wp-content\/uploads\/2024\/06\/pexels-photo-301926-300x200.jpeg 300w, https:\/\/anpalop.com\/wp-content\/uploads\/2024\/06\/pexels-photo-301926-768x512.jpeg 768w, https:\/\/anpalop.com\/wp-content\/uploads\/2024\/06\/pexels-photo-301926.jpeg 1280w\" sizes=\"(max-width: 1024px) 100vw, 1024px\" \/><\/figure>\n\n\n\n<h2 class=\"wp-block-heading has-text-align-center\">Educa\u00e7\u00e3o<\/h2>\n\n\n\n<p>Semin\u00e1rios on-line:<\/p>\n\n\n\n<ul class=\"wp-block-list\">\n<li>Janeiro de 2023 TV neurocir\u00fargica. (Introdu\u00e7\u00e3o ANPALOP)<\/li>\n\n\n\n<li>Junho de 2023 Webinar sobre nervos perif\u00e9ricos (Angola)<\/li>\n\n\n\n<li>Webinar sobre dor cr\u00f4nica de julho de 2023 (Brasil)<\/li>\n<\/ul>\n\n\n\n<div class=\"wp-block-uagb-buttons uagb-buttons__outer-wrap uagb-btn__default-btn uagb-btn-tablet__default-btn uagb-btn-mobile__default-btn uagb-block-301cb854\"><div class=\"uagb-buttons__wrap uagb-buttons-layout-wrap\">\n<div class=\"wp-block-uagb-buttons-child uagb-buttons__outer-wrap uagb-block-681ed9fd wp-block-button\"><div class=\"uagb-button__wrapper\"><a class=\"uagb-buttons-repeater wp-block-button__link\" aria-label=\"\" href=\"#education\" rel=\"follow noopener\" target=\"_self\" role=\"button\"><div class=\"uagb-button__link\">Clique aqui<\/div><\/a><\/div><\/div>\n<\/div><\/div>\n<\/div>\n<\/div>\n<\/div>\n<\/div>\n<\/div>\n<\/div>\n<\/div><\/div>\n\n\n\n<div class=\"wp-block-uagb-container uagb-block-0cf1e869 alignfull uagb-is-root-container\"><div class=\"uagb-container-inner-blocks-wrap\">\n<div class=\"wp-block-uagb-container uagb-block-8e894bf5\">\n<div data-aos= \"fade-up\" data-aos-duration=\"400\" data-aos-delay=\"0\" data-aos-easing=\"ease\" data-aos-once=\"true\" class=\"wp-block-uagb-image alignleft uagb-block-88e52dea wp-block-uagb-image--layout-default wp-block-uagb-image--effect-static wp-block-uagb-image--align-left\"><figure class=\"wp-block-uagb-image__figure\"><img loading=\"lazy\" decoding=\"async\" srcset=\"https:\/\/anpalop.com\/wp-content\/uploads\/2024\/06\/Ontwerp-zonder-titel-6-1024x1024.png ,https:\/\/anpalop.com\/wp-content\/uploads\/2024\/06\/Ontwerp-zonder-titel-6.png 780w, https:\/\/anpalop.com\/wp-content\/uploads\/2024\/06\/Ontwerp-zonder-titel-6.png 360w\" sizes=\"auto, (max-width: 480px) 150px\" src=\"https:\/\/anpalop.com\/wp-content\/uploads\/2024\/06\/Ontwerp-zonder-titel-6-1024x1024.png\" alt=\"\" class=\"uag-image-1392\" width=\"550\" height=\"536\" title=\"Ontu\u00e9rpia-zonder-t\u00edtulo-6\" role=\"img\"\/><\/figure><\/div>\n<\/div>\n\n\n\n<div class=\"wp-block-uagb-container uagb-block-db5a712e\">\n<div class=\"wp-block-uagb-info-box uagb-block-69f2621f uagb-infobox__content-wrap  uagb-infobox-icon-above-title uagb-infobox-image-valign-top\"><div class=\"uagb-ifb-content\"><div class=\"uagb-ifb-title-wrap\"><h2 class=\"uagb-ifb-title\">Nossa jornada<\/h2><\/div><p class=\"uagb-ifb-desc\">Em 2022, a Associa\u00e7\u00e3o de Neurocirurgi\u00f5es dos Paises Africanos de L\u00edngua Oficial Portuguesa (ANPALOP) foi criada por um grupo de jovens neurocirurgi\u00f5es de ascend\u00eancia africana para aumentar a visibilidade e a defesa da neurocirurgia nestes pa\u00edses. <\/p><div class=\"uagb-ifb-button-wrapper wp-block-button\"><a href=\"\/pt\/about\/\" class=\"uagb-infobox-cta-link wp-block-button__link\" target=\"_self\" rel=\"noopener noreferrer\" onclick=\"return true;\"><span class=\"uagb-inline-editing\">Saber mais<\/span><\/a><\/div><\/div><\/div>\n<\/div>\n<\/div><\/div>\n\n\n\n<div class=\"wp-block-uagb-container uagb-block-ec01bfa7 alignfull uagb-is-root-container\"><div class=\"uagb-container-inner-blocks-wrap\">\n<div class=\"wp-block-uagb-info-box uagb-block-13d69fb3 uagb-infobox__content-wrap  uagb-infobox-icon-above-title uagb-infobox-image-valign-top\"><div class=\"uagb-ifb-content\"><div class=\"uagb-ifb-title-wrap\"><h2 class=\"uagb-ifb-title\">Dados por pa\u00eds<\/h2><\/div><\/div><\/div>\n\n\n\n<figure class=\"wp-block-table is-style-stripes has-small-font-size\"><table><tbody><tr><td>Pa\u00eds<\/td><td class=\"has-text-align-right\" data-align=\"right\">Popula\u00e7\u00e3o<\/td><td class=\"has-text-align-right\" data-align=\"right\">PIB<\/td><td class=\"has-text-align-right\" data-align=\"right\">IDH<\/td><td class=\"has-text-align-center\" data-align=\"center\">Habilidades de leitura e escrita<\/td><td class=\"has-text-align-center\" data-align=\"center\">A vida espera.<\/td><td class=\"has-text-align-center\" data-align=\"center\">Neurocirurgi\u00f5es<\/td><\/tr><tr><td>GB<\/td><td class=\"has-text-align-right\" data-align=\"right\">2.105.566<\/td><td class=\"has-text-align-right\" data-align=\"right\">1,63 bi<\/td><td class=\"has-text-align-right\" data-align=\"right\">0.483<\/td><td class=\"has-text-align-center\" data-align=\"center\">54%<\/td><td class=\"has-text-align-center\" data-align=\"center\">60<\/td><td class=\"has-text-align-center\" data-align=\"center\">0<\/td><\/tr><tr><td>STP<\/td><td class=\"has-text-align-right\" data-align=\"right\">27.380<\/td><td class=\"has-text-align-right\" data-align=\"right\">546.680.342<\/td><td class=\"has-text-align-right\" data-align=\"right\">0.681<\/td><td class=\"has-text-align-center\" data-align=\"center\">94%<\/td><td class=\"has-text-align-center\" data-align=\"center\">68<\/td><td class=\"has-text-align-center\" data-align=\"center\">0<\/td><\/tr><tr><td>MZ<\/td><td class=\"has-text-align-right\" data-align=\"right\">32.969.518<\/td><td class=\"has-text-align-right\" data-align=\"right\">17,85 bi<\/td><td class=\"has-text-align-right\" data-align=\"right\">0.45<\/td><td class=\"has-text-align-center\" data-align=\"center\">63%<\/td><td class=\"has-text-align-center\" data-align=\"center\">61<\/td><td class=\"has-text-align-center\" data-align=\"center\">18<\/td><\/tr><tr><td>POR EXEMPLO<\/td><td class=\"has-text-align-right\" data-align=\"right\">1.674.908<\/td><td class=\"has-text-align-right\" data-align=\"right\">11,81 bi<\/td><td class=\"has-text-align-right\" data-align=\"right\">0.596<\/td><td class=\"has-text-align-center\" data-align=\"center\">94%<\/td><td class=\"has-text-align-center\" data-align=\"center\">61<\/td><td class=\"has-text-align-center\" data-align=\"center\">6<\/td><\/tr><tr><td>O<\/td><td class=\"has-text-align-right\" data-align=\"right\">35.588.987<\/td><td class=\"has-text-align-right\" data-align=\"right\">106,71 bi<\/td><td class=\"has-text-align-right\" data-align=\"right\">0.57<\/td><td class=\"has-text-align-center\" data-align=\"center\">72%<\/td><td class=\"has-text-align-center\" data-align=\"center\">62<\/td><td class=\"has-text-align-center\" data-align=\"center\">21<\/td><\/tr><tr><td>cv<\/td><td class=\"has-text-align-right\" data-align=\"right\">593.149<\/td><td class=\"has-text-align-right\" data-align=\"right\">2,31 bilh\u00f5es<\/td><td class=\"has-text-align-right\" data-align=\"right\">0.662<\/td><td class=\"has-text-align-center\" data-align=\"center\">91%<\/td><td class=\"has-text-align-center\" data-align=\"center\">74<\/td><td class=\"has-text-align-center\" data-align=\"center\">2<\/td><\/tr><\/tbody><\/table><\/figure>\n<\/div><\/div>\n\n\n\n<div class=\"wp-block-uagb-container uagb-block-c84325e4 alignfull uagb-is-root-container\"><div class=\"uagb-container-inner-blocks-wrap\">\n<div class=\"wp-block-uagb-info-box uagb-block-d8a09d88 uagb-infobox__content-wrap  uagb-infobox-icon-above-title uagb-infobox-image-valign-top\"><div class=\"uagb-ifb-content\"><div class=\"uagb-ifb-title-wrap\"><h2 class=\"uagb-ifb-title\">Permane\u00e7a conectado<\/h2><\/div><p class=\"uagb-ifb-desc\">Assine nosso boletim informativo para se manter atualizado sobre os \u00faltimos avan\u00e7os em neurocirurgia e os pr\u00f3ximos eventos.<\/p><div class=\"uagb-ifb-button-wrapper wp-block-button\"><a href=\"\/pt\/contact\/\" class=\"uagb-infobox-cta-link wp-block-button__link\" target=\"_self\" rel=\"noopener noreferrer\" onclick=\"return true;\" alt=\"\"><span class=\"uagb-inline-editing\">Entrar<\/span><\/a><\/div><\/div><\/div>\n<\/div><\/div>","protected":false},"excerpt":{"rendered":"<p>A . N . P A L O P . Countries Community A.N.PALOP. currently has 40 active members consisting of [&hellip;]<\/p>\n","protected":false},"author":1,"featured_media":0,"parent":0,"menu_order":0,"comment_status":"closed","ping_status":"closed","template":"","meta":{"_uag_custom_page_level_css":"","site-sidebar-layout":"default","site-content-layout":"","ast-site-content-layout":"full-width-container","site-content-style":"default","site-sidebar-style":"default","ast-global-header-display":"","ast-banner-title-visibility":"","ast-main-header-display":"","ast-hfb-above-header-display":"","ast-hfb-below-header-display":"","ast-hfb-mobile-header-display":"","site-post-title":"disabled","ast-breadcrumbs-content":"","ast-featured-img":"","footer-sml-layout":"","ast-disable-related-posts":"","theme-transparent-header-meta":"enabled","adv-header-id-meta":"","stick-header-meta":"","header-above-stick-meta":"","header-main-stick-meta":"","header-below-stick-meta":"","astra-migrate-meta-layouts":"set","ast-page-background-enabled":"default","ast-page-background-meta":{"desktop":{"background-color":"var(--ast-global-color-4)","background-image":"","background-repeat":"repeat","background-position":"center center","background-size":"auto","background-attachment":"scroll","background-type":"","background-media":"","overlay-type":"","overlay-color":"","overlay-opacity":"","overlay-gradient":""},"tablet":{"background-color":"","background-image":"","background-repeat":"repeat","background-position":"center center","background-size":"auto","background-attachment":"scroll","background-type":"","background-media":"","overlay-type":"","overlay-color":"","overlay-opacity":"","overlay-gradient":""},"mobile":{"background-color":"","background-image":"","background-repeat":"repeat","background-position":"center center","background-size":"auto","background-attachment":"scroll","background-type":"","background-media":"","overlay-type":"","overlay-color":"","overlay-opacity":"","overlay-gradient":""}},"ast-content-background-meta":{"desktop":{"background-color":"var(--ast-global-color-5)","background-image":"","background-repeat":"repeat","background-position":"center center","background-size":"auto","background-attachment":"scroll","background-type":"","background-media":"","overlay-type":"","overlay-color":"","overlay-opacity":"","overlay-gradient":""},"tablet":{"background-color":"var(--ast-global-color-5)","background-image":"","background-repeat":"repeat","background-position":"center center","background-size":"auto","background-attachment":"scroll","background-type":"","background-media":"","overlay-type":"","overlay-color":"","overlay-opacity":"","overlay-gradient":""},"mobile":{"background-color":"var(--ast-global-color-5)","background-image":"","background-repeat":"repeat","background-position":"center center","background-size":"auto","background-attachment":"scroll","background-type":"","background-media":"","overlay-type":"","overlay-color":"","overlay-opacity":"","overlay-gradient":""}},"footnotes":""},"class_list":["post-1259","page","type-page","status-publish","hentry"],"uagb_featured_image_src":{"full":false,"thumbnail":false,"medium":false,"medium_large":false,"large":false,"1536x1536":false,"2048x2048":false,"trp-custom-language-flag":false},"uagb_author_info":{"display_name":"bartraice@gmail.com","author_link":"https:\/\/anpalop.com\/pt\/author\/bartraicegmail-com\/"},"uagb_comment_info":0,"uagb_excerpt":"A . N . P A L O P . Countries Community A.N.PALOP. currently has 40 active members consisting of [&hellip;]","_links":{"self":[{"href":"https:\/\/anpalop.com\/pt\/wp-json\/wp\/v2\/pages\/1259","targetHints":{"allow":["GET"]}}],"collection":[{"href":"https:\/\/anpalop.com\/pt\/wp-json\/wp\/v2\/pages"}],"about":[{"href":"https:\/\/anpalop.com\/pt\/wp-json\/wp\/v2\/types\/page"}],"author":[{"embeddable":true,"href":"https:\/\/anpalop.com\/pt\/wp-json\/wp\/v2\/users\/1"}],"replies":[{"embeddable":true,"href":"https:\/\/anpalop.com\/pt\/wp-json\/wp\/v2\/comments?post=1259"}],"version-history":[{"count":27,"href":"https:\/\/anpalop.com\/pt\/wp-json\/wp\/v2\/pages\/1259\/revisions"}],"predecessor-version":[{"id":1427,"href":"https:\/\/anpalop.com\/pt\/wp-json\/wp\/v2\/pages\/1259\/revisions\/1427"}],"wp:attachment":[{"href":"https:\/\/anpalop.com\/pt\/wp-json\/wp\/v2\/media?parent=1259"}],"curies":[{"name":"wp","href":"https:\/\/api.w.org\/{rel}","templated":true}]}}