{"id":118,"date":"2024-06-18T19:47:02","date_gmt":"2024-06-18T19:47:02","guid":{"rendered":"https:\/\/anpalop.com\/about-3\/"},"modified":"2025-02-16T20:25:57","modified_gmt":"2025-02-16T20:25:57","slug":"about","status":"publish","type":"page","link":"https:\/\/anpalop.com\/pt\/about\/","title":{"rendered":"Sobre"},"content":{"rendered":"<div class=\"wp-block-uagb-container uagb-block-7fa683e6 alignfull uagb-is-root-container\"><div class=\"uagb-container-inner-blocks-wrap\">\n<div class=\"wp-block-uagb-advanced-heading uagb-block-74b342eb\"><h1 class=\"uagb-heading-text\">QUEM SOMOS N\u00d3S<\/h1><\/div>\n<\/div><\/div>\n\n\n\n<div class=\"wp-block-uagb-container uagb-block-94ded581 alignfull uagb-is-root-container\"><div class=\"uagb-container-inner-blocks-wrap\">\n<div class=\"wp-block-uagb-advanced-heading uagb-block-671f3570\"><h2 class=\"uagb-heading-text\">Nossa jornada<\/h2><\/div>\n\n\n\n<div class=\"wp-block-uagb-container uagb-block-21891d52\">\n<div class=\"wp-block-uagb-container uagb-block-8a4a99e4\">\n<div class=\"wp-block-uagb-image uagb-block-d34f93d5 wp-block-uagb-image--layout-default wp-block-uagb-image--effect-static wp-block-uagb-image--align-none\"><figure class=\"wp-block-uagb-image__figure\"><img loading=\"lazy\" decoding=\"async\" srcset=\"https:\/\/anpalop.com\/wp-content\/uploads\/2024\/06\/ANPALOP-team.png ,https:\/\/anpalop.com\/wp-content\/uploads\/2024\/06\/ANPALOP-team.png 780w, https:\/\/anpalop.com\/wp-content\/uploads\/2024\/06\/ANPALOP-team.png 360w\" sizes=\"auto, (max-width: 480px) 150px\" src=\"https:\/\/anpalop.com\/wp-content\/uploads\/2024\/06\/ANPALOP-team.png\" alt=\"\" class=\"uag-image-878\" width=\"325\" height=\"266\" title=\"Equipe ANPALOP\" role=\"img\"\/><\/figure><\/div>\n<\/div>\n\n\n\n<div class=\"wp-block-uagb-container uagb-block-7e959f87\">\n<div class=\"wp-block-uagb-info-box uagb-block-4960c374 uagb-infobox__content-wrap  uagb-infobox-icon-above-title uagb-infobox-image-valign-top\"><div class=\"uagb-ifb-content\"><div class=\"uagb-ifb-title-wrap\"><h3 class=\"uagb-ifb-title\">A ANPALOP est\u00e1 na vanguarda da troca de conhecimento entre pa\u00edses e da melhoria dos cuidados no dom\u00ednio da neurocirurgia, impactando significativamente os resultados dos pacientes e as pr\u00e1ticas m\u00e9dicas.<\/h3><\/div><p class=\"uagb-ifb-desc\">A jornada da ANPALOP come\u00e7ou com a vis\u00e3o de colmatar a lacuna nos cuidados neurocir\u00fargicos nos pa\u00edses africanos de l\u00edngua portuguesa, unindo especialistas numa miss\u00e3o de avan\u00e7o colaborativo.<br><br>A ANPALOP tem expandido diligentemente os seus esfor\u00e7os na liga\u00e7\u00e3o com v\u00e1rios parceiros na \u00e1rea, incluindo v\u00e1rias institui\u00e7\u00f5es m\u00e9dicas, governos e associa\u00e7\u00f5es, moldando o futuro panorama da neurocirurgia em toda a regi\u00e3o.<\/p><\/div><\/div>\n\n\n\n<p><\/p>\n<\/div>\n<\/div>\n\n\n\n<div class=\"wp-block-uagb-container uagb-block-4d13d52e\">\n<div class=\"wp-block-uagb-container uagb-block-926dd9b1\">\n<p>Tudo come\u00e7ou com o Dr. Ernest Barth\u00e9lemy, um neurocirurgi\u00e3o haitiano-americano baseado em Nova York com mestrado em Sa\u00fade P\u00fablica e Artes. Como membro da comiss\u00e3o de jovens neurocirurgi\u00f5es da WFNS, trabalhou em conjunto com a Dra. Ana Cristina Veiga, neurocirurgi\u00e3 cabo-verdiana que tamb\u00e9m fez parte desta comiss\u00e3o. Ela deixou seu pa\u00eds para perseguir seu sonho de se tornar m\u00e9dica e neurocirurgi\u00e3. Como n\u00e3o existe faculdade de medicina ou programa de resid\u00eancia m\u00e9dica em Cabo Verde, ela se mudou para Recife, no Brasil. Ap\u00f3s concluir a gradua\u00e7\u00e3o em medicina, ingressou na resid\u00eancia em Recife em um dos centros de refer\u00eancia da WFNS para Forma\u00e7\u00e3o de Jovens Neurocirurgi\u00f5es Africanos, tendo o professor Hildo como diretor do programa.<br><\/p>\n<\/div>\n\n\n\n<div class=\"wp-block-uagb-container uagb-block-540e8a91\">\n<figure class=\"wp-block-image size-full is-resized\"><img fetchpriority=\"high\" decoding=\"async\" width=\"940\" height=\"705\" src=\"https:\/\/anpalop.com\/wp-content\/uploads\/2024\/06\/Zonder-titel-Facebook-bericht-2-edited.png\" alt=\"\" class=\"wp-image-1389\" style=\"width:552px;height:auto\" srcset=\"https:\/\/anpalop.com\/wp-content\/uploads\/2024\/06\/Zonder-titel-Facebook-bericht-2-edited.png 940w, https:\/\/anpalop.com\/wp-content\/uploads\/2024\/06\/Zonder-titel-Facebook-bericht-2-edited-300x225.png 300w, https:\/\/anpalop.com\/wp-content\/uploads\/2024\/06\/Zonder-titel-Facebook-bericht-2-edited-768x576.png 768w, https:\/\/anpalop.com\/wp-content\/uploads\/2024\/06\/Zonder-titel-Facebook-bericht-2-edited-16x12.png 16w\" sizes=\"(max-width: 940px) 100vw, 940px\" \/><\/figure>\n\n\n\n<p><\/p>\n<\/div>\n<\/div>\n\n\n\n<div class=\"wp-block-uagb-container uagb-block-8b35aae4\">\n<div class=\"wp-block-uagb-container uagb-block-e1c2b3e2\">\n<div class=\"wp-block-uagb-image uagb-block-e0dcc3e9 wp-block-uagb-image--layout-default wp-block-uagb-image--effect-static wp-block-uagb-image--align-none\"><figure class=\"wp-block-uagb-image__figure\"><img loading=\"lazy\" decoding=\"async\" srcset=\"https:\/\/anpalop.com\/wp-content\/uploads\/2024\/06\/Ontwerp-zonder-titel-5-1-edited-1024x576.png ,https:\/\/anpalop.com\/wp-content\/uploads\/2024\/06\/Ontwerp-zonder-titel-5-1.png 780w, https:\/\/anpalop.com\/wp-content\/uploads\/2024\/06\/Ontwerp-zonder-titel-5-1.png 360w\" sizes=\"auto, (max-width: 480px) 150px\" src=\"https:\/\/anpalop.com\/wp-content\/uploads\/2024\/06\/Ontwerp-zonder-titel-5-1-edited-1024x576.png\" alt=\"\" class=\"uag-image-1387\" width=\"1024\" height=\"576\" title=\"\" role=\"presentation\"\/><\/figure><\/div>\n<\/div>\n\n\n\n<div class=\"wp-block-uagb-container uagb-block-57c15458\">\n<div class=\"wp-block-uagb-info-box uagb-block-05973d33 uagb-infobox__content-wrap  uagb-infobox-icon-above-title uagb-infobox-image-valign-top\"><div class=\"uagb-ifb-content\"><div class=\"uagb-ifb-title-wrap\"><\/div><p class=\"uagb-ifb-desc\">A Dra. Ellianne dos Santos Rubio, uma neurocirurgi\u00e3 holandesa angolana formada na Holanda, foi recrutada para restabelecer um departamento de neurocirurgia em Cura\u00e7ao (Caribe) pertencente ao Reino dos Pa\u00edses Baixos. Ap\u00f3s sua bolsa de micro neurocirurgia em S\u00e3o Paulo, ela iniciou sua carreira neurocir\u00fargica em Cura\u00e7ao. Seu desejo de retribuir ao seu pa\u00eds de origem, envi\u00e1-la em uma miss\u00e3o. Ela contatou o Dr. Andr\u00e9 Beer-Furlan, um neurocirurgi\u00e3o brasileiro que trabalha nos EUA depois de ler seu livro publicado <a href=\"https:\/\/pubmed.ncbi.nlm.nih.gov\/30366143\/\" data-type=\"link\" data-id=\"https:\/\/pubmed.ncbi.nlm.nih.gov\/30366143\/\">manuscrito<\/a> sobre resid\u00eancia em neurocirurgia em colabora\u00e7\u00e3o Brasil-Angola. Isso permitiu mais conversas com v\u00e1rios neurocirurgi\u00f5es na \u00e1rea de neurocirurgia global e eventualmente a levou a se conectar com o Dr. Ernest Bart\u00e9lemy. Descobriram que partilhavam pontos em comum nos seus objetivos acad\u00e9micos para melhorar o acesso neurocir\u00fargico nas Cara\u00edbas e em todo o mundo. <\/p><\/div><\/div>\n\n\n\n<p><\/p>\n<\/div>\n<\/div>\n\n\n\n<div class=\"wp-block-uagb-container uagb-block-26ece290\">\n<div class=\"wp-block-uagb-container uagb-block-671d5dc1\">\n<p>Posteriormente, apresentou-a \u00e0 Dra. Ana Cristina Veiga. Mikail Sall\u00e9, um neurocirurgi\u00e3o mo\u00e7ambicano, que ap\u00f3s sua resid\u00eancia em neurocirurgia em Cuba, estava cursando uma bolsa de estudos vasculares e de base craniana em um centro de treinamento da WFNS em S\u00e3o Paulo, com o professor Luis Borba como diretor do programa. O Dr. Mikail, que na altura ainda estava a terminar a sua bolsa de estudos, planeava regressar ao seu pa\u00eds natal, Mo\u00e7ambique, para desenvolver capacidade vascular e de base craniana, at\u00e9 ent\u00e3o inexistente em Mo\u00e7ambique. Ellianne e Dr. Mikhail se uniram para formar o conselho da ANPALOP e foi oficialmente fundado ap\u00f3s sua reuni\u00e3o inaugural em dezembro de 2023 na WFNS na \u00c1frica do Sul. A ANPALOP conta atualmente com 40 membros ativos, constitu\u00eddos por neurocirurgi\u00f5es e residentes locais e da di\u00e1spora dos PALOP. Espera-se que mais pessoas se juntem aos nossos esfor\u00e7os.<\/p>\n<\/div>\n\n\n\n<div class=\"wp-block-uagb-container uagb-block-0f151ed8\">\n<div class=\"wp-block-uagb-image aligncenter uagb-block-498aff71 wp-block-uagb-image--layout-default wp-block-uagb-image--effect-static wp-block-uagb-image--align-center\"><figure class=\"wp-block-uagb-image__figure\"><img loading=\"lazy\" decoding=\"async\" srcset=\"https:\/\/anpalop.com\/wp-content\/uploads\/2024\/06\/Ontwerp-zonder-titel-4-edited-1.png ,https:\/\/anpalop.com\/wp-content\/uploads\/2024\/06\/Ontwerp-zonder-titel-4.png 780w, https:\/\/anpalop.com\/wp-content\/uploads\/2024\/06\/Ontwerp-zonder-titel-4.png 360w\" sizes=\"auto, (max-width: 480px) 150px\" src=\"https:\/\/anpalop.com\/wp-content\/uploads\/2024\/06\/Ontwerp-zonder-titel-4-edited-1.png\" alt=\"\" class=\"uag-image-1390\" width=\"536\" height=\"289\" title=\"Ontu\u00e9rpia-zonder-t\u00edtulo-4\" role=\"img\"\/><\/figure><\/div>\n\n\n\n<p><\/p>\n<\/div>\n<\/div>\n\n\n\n<div class=\"wp-block-uagb-container uagb-block-7a25e219\"><\/div>\n<\/div><\/div>\n\n\n\n<div class=\"wp-block-uagb-container uagb-block-cc344175 alignfull uagb-is-root-container\"><div class=\"uagb-container-inner-blocks-wrap\">\n<div class=\"wp-block-uagb-advanced-heading uagb-block-7b2294a3\"><h2 class=\"uagb-heading-text\">Nossos principais valores<\/h2><p class=\"uagb-desc-text\">Princ\u00edpios orientadores que orientam a nossa miss\u00e3o e definem a nossa abordagem aos cuidados neurocir\u00fargicos.<\/p><\/div>\n\n\n\n<div class=\"wp-block-uagb-container uagb-block-ecb8dade\">\n<div class=\"wp-block-uagb-advanced-heading uagb-block-bef7d43a\"><h3 class=\"uagb-heading-text\">Colabora\u00e7\u00e3o<\/h3><p class=\"uagb-desc-text\">Abra\u00e7ar a unidade e a coopera\u00e7\u00e3o entre neurocirurgi\u00f5es para elevar os padr\u00f5es de atendimento, trocar conhecimentos e melhorar os resultados dos pacientes.<\/p><\/div>\n\n\n\n<div class=\"wp-block-uagb-advanced-heading uagb-block-b863782d\"><h3 class=\"uagb-heading-text\">Inova\u00e7\u00e3o<\/h3><p class=\"uagb-desc-text\">Defendendo solu\u00e7\u00f5es criativas e avan\u00e7os nas pr\u00e1ticas neurocir\u00fargicas para ultrapassar limites, melhorar t\u00e9cnicas e impulsionar o progresso no atendimento ao paciente.<\/p><\/div>\n\n\n\n<div class=\"wp-block-uagb-advanced-heading uagb-block-9f890ad2\"><h3 class=\"uagb-heading-text\">Fortalecimento<\/h3><p class=\"uagb-desc-text\">Capacitar a pr\u00f3xima gera\u00e7\u00e3o de neurocirurgi\u00f5es por meio de educa\u00e7\u00e3o, iniciativas de treinamento e programas de orienta\u00e7\u00e3o para garantir um legado sustent\u00e1vel de especializa\u00e7\u00e3o e excel\u00eancia em cuidados.<\/p><\/div>\n<\/div>\n<\/div><\/div>\n\n\n\n<div class=\"wp-block-uagb-container uagb-block-c84325e4 alignfull uagb-is-root-container\"><div class=\"uagb-container-inner-blocks-wrap\">\n<div class=\"wp-block-uagb-info-box uagb-block-d8a09d88 uagb-infobox__content-wrap  uagb-infobox-icon-above-title uagb-infobox-image-valign-top\"><div class=\"uagb-ifb-content\"><div class=\"uagb-ifb-title-wrap\"><h2 class=\"uagb-ifb-title\">Permane\u00e7a conectado<\/h2><\/div><p class=\"uagb-ifb-desc\">Assine nosso boletim informativo para se manter atualizado sobre os \u00faltimos avan\u00e7os em neurocirurgia e os pr\u00f3ximos eventos.<\/p><div class=\"uagb-ifb-button-wrapper wp-block-button\"><a href=\"\/pt\/contact\/\" class=\"uagb-infobox-cta-link wp-block-button__link\" target=\"_self\" rel=\"noopener noreferrer\" onclick=\"return true;\" alt=\"\"><span class=\"uagb-inline-editing\">Entrar<\/span><\/a><\/div><\/div><\/div>\n<\/div><\/div>","protected":false},"excerpt":{"rendered":"<p>WHO ARE WE Our Journey It all started with dr Ernest Barth\u00e9lemy, a Haitian American Neurosurgeon based in New York [&hellip;]<\/p>\n","protected":false},"author":1,"featured_media":0,"parent":0,"menu_order":0,"comment_status":"closed","ping_status":"closed","template":"","meta":{"_uag_custom_page_level_css":"","site-sidebar-layout":"default","site-content-layout":"","ast-site-content-layout":"default","site-content-style":"default","site-sidebar-style":"default","ast-global-header-display":"","ast-banner-title-visibility":"","ast-main-header-display":"","ast-hfb-above-header-display":"","ast-hfb-below-header-display":"","ast-hfb-mobile-header-display":"","site-post-title":"disabled","ast-breadcrumbs-content":"","ast-featured-img":"","footer-sml-layout":"","ast-disable-related-posts":"","theme-transparent-header-meta":"enabled","adv-header-id-meta":"","stick-header-meta":"","header-above-stick-meta":"","header-main-stick-meta":"","header-below-stick-meta":"","astra-migrate-meta-layouts":"set","ast-page-background-enabled":"default","ast-page-background-meta":{"desktop":{"background-color":"var(--ast-global-color-4)","background-image":"","background-repeat":"repeat","background-position":"center center","background-size":"auto","background-attachment":"scroll","background-type":"","background-media":"","overlay-type":"","overlay-color":"","overlay-opacity":"","overlay-gradient":""},"tablet":{"background-color":"","background-image":"","background-repeat":"repeat","background-position":"center center","background-size":"auto","background-attachment":"scroll","background-type":"","background-media":"","overlay-type":"","overlay-color":"","overlay-opacity":"","overlay-gradient":""},"mobile":{"background-color":"","background-image":"","background-repeat":"repeat","background-position":"center center","background-size":"auto","background-attachment":"scroll","background-type":"","background-media":"","overlay-type":"","overlay-color":"","overlay-opacity":"","overlay-gradient":""}},"ast-content-background-meta":{"desktop":{"background-color":"var(--ast-global-color-5)","background-image":"","background-repeat":"repeat","background-position":"center center","background-size":"auto","background-attachment":"scroll","background-type":"","background-media":"","overlay-type":"","overlay-color":"","overlay-opacity":"","overlay-gradient":""},"tablet":{"background-color":"var(--ast-global-color-5)","background-image":"","background-repeat":"repeat","background-position":"center center","background-size":"auto","background-attachment":"scroll","background-type":"","background-media":"","overlay-type":"","overlay-color":"","overlay-opacity":"","overlay-gradient":""},"mobile":{"background-color":"var(--ast-global-color-5)","background-image":"","background-repeat":"repeat","background-position":"center center","background-size":"auto","background-attachment":"scroll","background-type":"","background-media":"","overlay-type":"","overlay-color":"","overlay-opacity":"","overlay-gradient":""}},"footnotes":""},"class_list":["post-118","page","type-page","status-publish","hentry"],"uagb_featured_image_src":{"full":false,"thumbnail":false,"medium":false,"medium_large":false,"large":false,"1536x1536":false,"2048x2048":false,"trp-custom-language-flag":false},"uagb_author_info":{"display_name":"bartraice@gmail.com","author_link":"https:\/\/anpalop.com\/pt\/author\/bartraicegmail-com\/"},"uagb_comment_info":0,"uagb_excerpt":"WHO ARE WE Our Journey It all started with dr Ernest Barth\u00e9lemy, a Haitian American Neurosurgeon based in New York [&hellip;]","_links":{"self":[{"href":"https:\/\/anpalop.com\/pt\/wp-json\/wp\/v2\/pages\/118","targetHints":{"allow":["GET"]}}],"collection":[{"href":"https:\/\/anpalop.com\/pt\/wp-json\/wp\/v2\/pages"}],"about":[{"href":"https:\/\/anpalop.com\/pt\/wp-json\/wp\/v2\/types\/page"}],"author":[{"embeddable":true,"href":"https:\/\/anpalop.com\/pt\/wp-json\/wp\/v2\/users\/1"}],"replies":[{"embeddable":true,"href":"https:\/\/anpalop.com\/pt\/wp-json\/wp\/v2\/comments?post=118"}],"version-history":[{"count":6,"href":"https:\/\/anpalop.com\/pt\/wp-json\/wp\/v2\/pages\/118\/revisions"}],"predecessor-version":[{"id":1469,"href":"https:\/\/anpalop.com\/pt\/wp-json\/wp\/v2\/pages\/118\/revisions\/1469"}],"wp:attachment":[{"href":"https:\/\/anpalop.com\/pt\/wp-json\/wp\/v2\/media?parent=118"}],"curies":[{"name":"wp","href":"https:\/\/api.w.org\/{rel}","templated":true}]}}